{"id":924,"date":"2023-12-12T11:50:30","date_gmt":"2023-12-12T10:50:30","guid":{"rendered":"https:\/\/voix-des-sens.fr\/?page_id=924"},"modified":"2026-03-19T12:30:09","modified_gmt":"2026-03-19T11:30:09","slug":"articles-sophrologie","status":"publish","type":"page","link":"https:\/\/voix-des-sens.fr\/index.php\/articles-sophrologie\/","title":{"rendered":"Articles autour de la sophrologie"},"content":{"rendered":"\n<h1 class=\"wp-block-heading alignwide has-text-align-center\"><strong>Articles autour de la sophrologie<\/strong><\/h1>\n\n\n\n<h2 class=\"wp-block-heading alignwide has-text-align-center\">Marion Pietrzak \u2013 Sophrologue a Geneston et vertou<\/h2>\n\n\n<div class=\"wp-block-image\">\n<figure class=\"aligncenter size-large is-resized\"><img loading=\"lazy\" decoding=\"async\" width=\"1024\" height=\"769\" src=\"https:\/\/voix-des-sens.fr\/wp-content\/uploads\/2024\/12\/MARION-PIETRZAK-SOPHROLOGUE-VOIX-DES-SENS-GENESTON-ECRITURE-1024x769.jpg\" alt=\"MARION PIETRZAK SOPHROLOGUE VOIX DES SENS GENESTON Articles &amp; R\u00e9flexions \u2013 Voix des Sens\" class=\"wp-image-3915\" style=\"aspect-ratio:1.3316750302820557;width:289px;height:auto\" srcset=\"https:\/\/voix-des-sens.fr\/wp-content\/uploads\/2024\/12\/MARION-PIETRZAK-SOPHROLOGUE-VOIX-DES-SENS-GENESTON-ECRITURE-1024x769.jpg 1024w, https:\/\/voix-des-sens.fr\/wp-content\/uploads\/2024\/12\/MARION-PIETRZAK-SOPHROLOGUE-VOIX-DES-SENS-GENESTON-ECRITURE-300x225.jpg 300w, https:\/\/voix-des-sens.fr\/wp-content\/uploads\/2024\/12\/MARION-PIETRZAK-SOPHROLOGUE-VOIX-DES-SENS-GENESTON-ECRITURE-768x577.jpg 768w, https:\/\/voix-des-sens.fr\/wp-content\/uploads\/2024\/12\/MARION-PIETRZAK-SOPHROLOGUE-VOIX-DES-SENS-GENESTON-ECRITURE.jpg 1500w\" sizes=\"auto, (max-width: 1024px) 100vw, 1024px\" \/><\/figure>\n<\/div>\n\n\n<div style=\"height:32px\" aria-hidden=\"true\" class=\"wp-block-spacer\"><\/div>\n\n\n\n<p>Retrouvez ici tous mes articles sur la sophrologie : des sujets fr\u00e9quemment abord\u00e9s en s\u00e9ance, des r\u00e9ponses aux questions que l\u2019on me pose, et des conseils pour adultes, adolescents, parents et futures mamans. Certains contenus sont \u00e9galement disponibles en version vid\u00e9o sur <a href=\"https:\/\/www.instagram.com\/voix.des.sens\/?utm_source=qr&amp;igshid=MThlNWY1MzQwNA%3D%3D\">Instagram<\/a>.<\/p>\n\n\n\n<div style=\"height:23px\" aria-hidden=\"true\" class=\"wp-block-spacer\"><\/div>\n\n\n\n<hr class=\"wp-block-separator has-alpha-channel-opacity\"\/>\n\n\n\n<hr class=\"wp-block-separator has-alpha-channel-opacity\"\/>\n\n\n\n<div style=\"height:36px\" aria-hidden=\"true\" class=\"wp-block-spacer\"><\/div>\n\n\n\n<h3 class=\"wp-block-heading\">Accompagnement individuel &amp; fonctionnement de la sophrologie<\/h3>\n\n\n\n<ul class=\"wp-block-list\">\n<li><a href=\"https:\/\/voix-des-sens.fr\/index.php\/objectif-positif\/\">Comment formuler un <strong>objectif<\/strong> positif pour avancer sereinement vers le changement ?<\/a><\/li>\n\n\n\n<li><a href=\"https:\/\/voix-des-sens.fr\/index.php\/8-a-12-seances\/\">Pourquoi un <strong>programme d\u2019accompagnement<\/strong> sur 8 \u00e0 12 s\u00e9ances ?<\/a><\/li>\n\n\n\n<li><a href=\"https:\/\/voix-des-sens.fr\/index.php\/la-sophrologie-des-exercices-pratiques-pour-votre-bien-etre-quotidien\/\">Comment la sophrologie peut-elle devenir un <strong>outil<\/strong> concret dans votre vie de <strong>tous les jours<\/strong> ?<\/a><\/li>\n\n\n\n<li><a href=\"https:\/\/voix-des-sens.fr\/index.php\/la-sophrologie-prend-du-temps\/\">Pourquoi mettons-nous du temps \u00e0 se <strong>familiariser \u00e0 la sophrologie<\/strong>&nbsp;?<\/a><\/li>\n\n\n\n<li><a href=\"https:\/\/voix-des-sens.fr\/index.php\/entoure-de-mes-proches\/\">Pourquoi aller voir un professionnel alors que je suis entour\u00e9 de mes proches ?<\/a><\/li>\n\n\n\n<li><a href=\"https:\/\/voix-des-sens.fr\/index.php\/entrainer-entre-seances\/\">Pourquoi <strong>s\u2019entra\u00eener<\/strong> entre les s\u00e9ances de sophrologie ?<\/a><\/li>\n<\/ul>\n\n\n\n<ul class=\"wp-block-list\">\n<li><a href=\"https:\/\/voix-des-sens.fr\/index.php\/seance-decouverte\/\">A quoi sert une <strong>s\u00e9ance d\u00e9couverte<\/strong> de sophrologie ?<\/a><\/li>\n<\/ul>\n\n\n\n<ul class=\"wp-block-list\">\n<li><a href=\"https:\/\/voix-des-sens.fr\/index.php\/estime-de-soi-et-confiance-en-soi-difference\/\">Quelle est la <strong>diff\u00e9rence entre estime de soi et confiance en soi<\/strong>, et comment la sophrologie peut aider ?<\/a><\/li>\n\n\n\n<li><a href=\"https:\/\/voix-des-sens.fr\/index.php\/sophrologie-et-estime-de-soi\/\"><strong>Estime de soi<\/strong> et sophrologie : quel lien ?<\/a><\/li>\n<\/ul>\n\n\n\n<ul class=\"wp-block-list\">\n<li><a href=\"https:\/\/voix-des-sens.fr\/index.php\/sophrologie-et-tca\/\">Troubles du comportement alimentaire (<strong>TCA<\/strong>) : comment la sophrologie peut aider ?<\/a><\/li>\n<\/ul>\n\n\n\n<div style=\"height:100px\" aria-hidden=\"true\" class=\"wp-block-spacer\"><\/div>\n\n\n\n<h3 class=\"wp-block-heading\">Maternit\u00e9, parentalit\u00e9 &amp; deuil<\/h3>\n\n\n\n<ul class=\"wp-block-list\">\n<li><a href=\"https:\/\/voix-des-sens.fr\/index.php\/deuil-nourrisson\/\">Comment la sophrologie peut-elle accompagner le <strong>deuil<\/strong> d\u2019un nourrisson ?<\/a><\/li>\n<\/ul>\n\n\n\n<p><\/p>\n\n\n\n<ul class=\"wp-block-list\">\n<li><a href=\"https:\/\/voix-des-sens.fr\/index.php\/peur-de-laccouchement-le-role-de-la-sophrologie\/\">Comment ma\u00eetriser la <strong>douleur de l\u2019accouchement<\/strong> gr\u00e2ce \u00e0 la sophrologie ?<\/a><\/li>\n\n\n\n<li><a href=\"https:\/\/voix-des-sens.fr\/index.php\/peur-accouchement-2\/\">Comment d\u00e9passer ses <strong>peurs de l\u2019accouchement<\/strong> gr\u00e2ce \u00e0 la sophrologie ?<\/a><\/li>\n\n\n\n<li><a href=\"https:\/\/voix-des-sens.fr\/index.php\/sophrologie-grossesse-lien-bebe\/\">Comment la sophrologie aide \u00e0 cr\u00e9er le <strong>lien b\u00e9b\u00e9<\/strong> ?<\/a><\/li>\n\n\n\n<li><a href=\"https:\/\/voix-des-sens.fr\/index.php\/sophrologie-grossesse-quand-commencer\/\"><strong>Quand commencer<\/strong> la sophrologie pendant la grossesse ?<\/a><\/li>\n\n\n\n<li><a href=\"https:\/\/voix-des-sens.fr\/index.php\/stress-grossesse-premier-trimestre\/\">Comment g\u00e9rer le <strong>stress <\/strong>pendant le <strong>premier trimestre<\/strong> de grossesse&nbsp;?<\/a><\/li>\n\n\n\n<li><a href=\"https:\/\/voix-des-sens.fr\/index.php\/sommeil-grossesse-naturellement\/\">Comment mieux dormir pendant la grossesse naturellement ?<\/a><\/li>\n<\/ul>\n\n\n\n<p><\/p>\n\n\n\n<ul class=\"wp-block-list\">\n<li><a href=\"https:\/\/voix-des-sens.fr\/index.php\/postpartum-sophrologie\/\">Comment vivre sereinement son postpartum gr\u00e2ce \u00e0 la sophrologie ?<\/a><\/li>\n\n\n\n<li><a href=\"https:\/\/voix-des-sens.fr\/index.php\/sophrologie-bebe-sommeil\/\">Sophrologie pour mamans et nourrissons : apaiser b\u00e9b\u00e9 et retrouver un <strong>sommeil<\/strong> plus serein<\/a><\/li>\n\n\n\n<li><a href=\"https:\/\/voix-des-sens.fr\/index.php\/sophrologie-allaitement\/\">Comment soutenir son allaitement gr\u00e2ce a la sophrologie ?<\/a><\/li>\n<\/ul>\n\n\n\n<p><\/p>\n\n\n\n<ul class=\"wp-block-list\">\n<li><a href=\"https:\/\/voix-des-sens.fr\/index.php\/priorites_couple_apres_bebe\/\">Pourquoi avoir un b\u00e9b\u00e9 transforme les <strong>priorit\u00e9s<\/strong> et l\u2019\u00e9quilibre du <strong>couple<\/strong> ?<\/a><\/li>\n<\/ul>\n\n\n\n<div style=\"height:100px\" aria-hidden=\"true\" class=\"wp-block-spacer\"><\/div>\n\n\n\n<h3 class=\"wp-block-heading\">enfants<\/h3>\n\n\n\n<ul class=\"wp-block-list\">\n<li><a href=\"https:\/\/voix-des-sens.fr\/index.php\/deuil-nourrisson\/\"><\/a><a href=\"https:\/\/voix-des-sens.fr\/index.php\/accompagner-les-enfants-dans-leurs-emotions\/\">Comment accompagner son <strong>enfant<\/strong> lorsqu\u2019il se sent submerg\u00e9 par ses<strong> \u00e9motions<\/strong> ?<\/a><\/li>\n<\/ul>\n\n\n\n<div style=\"height:100px\" aria-hidden=\"true\" class=\"wp-block-spacer\"><\/div>\n\n\n\n<h3 class=\"wp-block-heading\">Adolescents &amp; jeunes adultes<\/h3>\n\n\n\n<ul class=\"wp-block-list\">\n<li><a href=\"https:\/\/voix-des-sens.fr\/index.php\/la-sophrologie-pour-les-adolescents\/\">La sophrologie peut-elle vraiment aider les <strong>adolescents<\/strong> ?<\/a><\/li>\n\n\n\n<li><a href=\"https:\/\/voix-des-sens.fr\/index.php\/preparer-ses-examens-avec-la-sophrologie\/\">Comment la sophrologie peut-elle aider \u00e0 pr\u00e9parer ses <strong>examens<\/strong> ?<\/a><\/li>\n<\/ul>\n\n\n\n<div style=\"height:100px\" aria-hidden=\"true\" class=\"wp-block-spacer\"><\/div>\n\n\n\n<h3 class=\"wp-block-heading\">Comparaisons de m\u00e9thodes<\/h3>\n\n\n\n<ul class=\"wp-block-list\">\n<li><a href=\"https:\/\/voix-des-sens.fr\/index.php\/deuil-nourrisson\/\"><\/a><a href=\"https:\/\/voix-des-sens.fr\/index.php\/differences-entre-sophrologie-et-relaxation\/\">Sophrologie et <strong>Relaxation<\/strong> : les diff\u00e9rences ?<\/a><\/li>\n\n\n\n<li><a href=\"https:\/\/voix-des-sens.fr\/index.php\/differences-entre-sophrologie-et-hypnose\/\">Sophrologie et <strong>Hypnose<\/strong> : quelles sont les diff\u00e9rences ?<\/a><\/li>\n\n\n\n<li><a href=\"https:\/\/voix-des-sens.fr\/index.php\/differences-entre-sophrologie-et-meditation\/\">Sophrologie et <strong>M\u00e9ditation<\/strong> : quelles diff\u00e9rences ?<\/a><\/li>\n\n\n\n<li><a href=\"https:\/\/voix-des-sens.fr\/index.php\/sophrologie-et-psychologie-les-differences\/\">Sophrologie et la <strong>psychologie,<\/strong> quelles sont les diff\u00e9rences<\/a> ?<\/li>\n\n\n\n<li><a href=\"https:\/\/voix-des-sens.fr\/index.php\/sophrologie-et-yoga-les-differences\/\">Sophrologie et <strong>Yoga<\/strong> : les diff\u00e9rences ?<\/a><\/li>\n\n\n\n<li><a href=\"https:\/\/voix-des-sens.fr\/index.php\/sophrologie-et-kinesiologie-les-differences\/\">Sophrologie et <strong>Kin\u00e9siologie<\/strong> : quelles diff\u00e9rences ?<\/a><\/li>\n\n\n\n<li><a href=\"https:\/\/voix-des-sens.fr\/index.php\/sophrologie-et-reflexologie-les-differences\/\">Sophrologie et <strong>R\u00e9flexologie<\/strong> : quelles sont les diff\u00e9rences ?<\/a><\/li>\n\n\n\n<li><a href=\"https:\/\/voix-des-sens.fr\/index.php\/sophrologie-et-emdr-les-differences\/\">Sophrologie et <strong>EMDR<\/strong> : les diff\u00e9rences ?<\/a><\/li>\n\n\n\n<li><a href=\"https:\/\/voix-des-sens.fr\/index.php\/differences-entre-sophrologie-digitopuncture-acupuncture\/\"><strong>Digitopuncture<\/strong> (acupression), <strong>acupuncture<\/strong> et sophrologie : les diff\u00e9rences ?<\/a><\/li>\n\n\n\n<li><a href=\"https:\/\/voix-des-sens.fr\/index.php\/sophrologie-sage-femme-differences\/\">Sophrologie et sage\u2011femme : les diff\u00e9rences ?<\/a><\/li>\n<\/ul>\n\n\n\n<div style=\"height:100px\" aria-hidden=\"true\" class=\"wp-block-spacer\"><\/div>\n","protected":false},"excerpt":{"rendered":"<p>Articles autour de la sophrologie Marion Pietrzak \u2013 Sophrologue a Geneston et vertou Retrouvez ici tous mes articles sur la sophrologie : des sujets fr\u00e9quemment abord\u00e9s en s\u00e9ance, des r\u00e9ponses aux questions que l\u2019on me pose, et des conseils pour adultes, adolescents, parents et futures mamans. Certains contenus sont \u00e9galement disponibles en version vid\u00e9o sur&hellip;&nbsp;<a href=\"https:\/\/voix-des-sens.fr\/index.php\/articles-sophrologie\/\" class=\"\" rel=\"bookmark\">Lire la suite &raquo;<span class=\"screen-reader-text\">Articles autour de la sophrologie<\/span><\/a><\/p>\n","protected":false},"author":1,"featured_media":0,"parent":0,"menu_order":0,"comment_status":"closed","ping_status":"closed","template":"","meta":{"neve_meta_sidebar":"","neve_meta_container":"","neve_meta_enable_content_width":"","neve_meta_content_width":0,"neve_meta_title_alignment":"center","neve_meta_author_avatar":"","neve_post_elements_order":"","neve_meta_disable_header":"","neve_meta_disable_footer":"","neve_meta_disable_title":"on","footnotes":""},"class_list":["post-924","page","type-page","status-publish","hentry"],"yoast_head":"<!-- This site is optimized with the Yoast SEO plugin v26.8 - https:\/\/yoast.com\/product\/yoast-seo-wordpress\/ -->\n<title>Articles autour de la sophrologie - VOIX DES SENS<\/title>\n<meta name=\"description\" content=\"Articles sur la sophrologie \u00e0 Geneston et Vertou : conseils, r\u00e9ponses aux questions pour adultes, enfants, adolescents, parents et futures mamans.\" \/>\n<meta name=\"robots\" content=\"index, follow, max-snippet:-1, max-image-preview:large, max-video-preview:-1\" \/>\n<link rel=\"canonical\" href=\"https:\/\/voix-des-sens.fr\/index.php\/articles-sophrologie\/\" \/>\n<meta property=\"og:locale\" content=\"fr_FR\" \/>\n<meta property=\"og:type\" content=\"article\" \/>\n<meta property=\"og:title\" content=\"Articles autour de la sophrologie - VOIX DES SENS\" \/>\n<meta property=\"og:description\" content=\"Articles sur la sophrologie \u00e0 Geneston et Vertou : conseils, r\u00e9ponses aux questions pour adultes, enfants, adolescents, parents et futures mamans.\" \/>\n<meta property=\"og:url\" content=\"https:\/\/voix-des-sens.fr\/index.php\/articles-sophrologie\/\" \/>\n<meta property=\"og:site_name\" content=\"VOIX DES SENS\" \/>\n<meta property=\"article:publisher\" content=\"https:\/\/www.facebook.com\/profile.php?viewas=100000686899395&amp;id=61556635996207\" \/>\n<meta property=\"article:modified_time\" content=\"2026-03-19T11:30:09+00:00\" \/>\n<meta property=\"og:image\" content=\"https:\/\/voix-des-sens.fr\/wp-content\/uploads\/2024\/12\/MARION-PIETRZAK-SOPHROLOGUE-VOIX-DES-SENS-GENESTON-ECRITURE.jpg\" \/>\n\t<meta property=\"og:image:width\" content=\"1500\" \/>\n\t<meta property=\"og:image:height\" content=\"1126\" \/>\n\t<meta property=\"og:image:type\" content=\"image\/jpeg\" \/>\n<meta name=\"twitter:card\" content=\"summary_large_image\" \/>\n<meta name=\"twitter:label1\" content=\"Dur\u00e9e de lecture estim\u00e9e\" \/>\n\t<meta name=\"twitter:data1\" content=\"3 minutes\" \/>\n<script type=\"application\/ld+json\" class=\"yoast-schema-graph\">{\"@context\":\"https:\/\/schema.org\",\"@graph\":[{\"@type\":\"WebPage\",\"@id\":\"https:\/\/voix-des-sens.fr\/index.php\/articles-sophrologie\/\",\"url\":\"https:\/\/voix-des-sens.fr\/index.php\/articles-sophrologie\/\",\"name\":\"Articles autour de la sophrologie - VOIX DES SENS\",\"isPartOf\":{\"@id\":\"https:\/\/voix-des-sens.fr\/#website\"},\"primaryImageOfPage\":{\"@id\":\"https:\/\/voix-des-sens.fr\/index.php\/articles-sophrologie\/#primaryimage\"},\"image\":{\"@id\":\"https:\/\/voix-des-sens.fr\/index.php\/articles-sophrologie\/#primaryimage\"},\"thumbnailUrl\":\"https:\/\/voix-des-sens.fr\/wp-content\/uploads\/2024\/12\/MARION-PIETRZAK-SOPHROLOGUE-VOIX-DES-SENS-GENESTON-ECRITURE-1024x769.jpg\",\"datePublished\":\"2023-12-12T10:50:30+00:00\",\"dateModified\":\"2026-03-19T11:30:09+00:00\",\"description\":\"Articles sur la sophrologie \u00e0 Geneston et Vertou : conseils, r\u00e9ponses aux questions pour adultes, enfants, adolescents, parents et futures mamans.\",\"inLanguage\":\"fr-FR\",\"potentialAction\":[{\"@type\":\"ReadAction\",\"target\":[\"https:\/\/voix-des-sens.fr\/index.php\/articles-sophrologie\/\"]}]},{\"@type\":\"ImageObject\",\"inLanguage\":\"fr-FR\",\"@id\":\"https:\/\/voix-des-sens.fr\/index.php\/articles-sophrologie\/#primaryimage\",\"url\":\"https:\/\/voix-des-sens.fr\/wp-content\/uploads\/2024\/12\/MARION-PIETRZAK-SOPHROLOGUE-VOIX-DES-SENS-GENESTON-ECRITURE.jpg\",\"contentUrl\":\"https:\/\/voix-des-sens.fr\/wp-content\/uploads\/2024\/12\/MARION-PIETRZAK-SOPHROLOGUE-VOIX-DES-SENS-GENESTON-ECRITURE.jpg\",\"width\":1500,\"height\":1126},{\"@type\":\"WebSite\",\"@id\":\"https:\/\/voix-des-sens.fr\/#website\",\"url\":\"https:\/\/voix-des-sens.fr\/\",\"name\":\"VOIX DES SENS\",\"description\":\"\",\"publisher\":{\"@id\":\"https:\/\/voix-des-sens.fr\/#organization\"},\"potentialAction\":[{\"@type\":\"SearchAction\",\"target\":{\"@type\":\"EntryPoint\",\"urlTemplate\":\"https:\/\/voix-des-sens.fr\/?s={search_term_string}\"},\"query-input\":{\"@type\":\"PropertyValueSpecification\",\"valueRequired\":true,\"valueName\":\"search_term_string\"}}],\"inLanguage\":\"fr-FR\"},{\"@type\":\"Organization\",\"@id\":\"https:\/\/voix-des-sens.fr\/#organization\",\"name\":\"VOIX DES SENS\",\"url\":\"https:\/\/voix-des-sens.fr\/\",\"logo\":{\"@type\":\"ImageObject\",\"inLanguage\":\"fr-FR\",\"@id\":\"https:\/\/voix-des-sens.fr\/#\/schema\/logo\/image\/\",\"url\":\"https:\/\/voix-des-sens.fr\/wp-content\/uploads\/2024\/03\/logo_logo-horizontal-baseline-rose-fonce-2.png\",\"contentUrl\":\"https:\/\/voix-des-sens.fr\/wp-content\/uploads\/2024\/03\/logo_logo-horizontal-baseline-rose-fonce-2.png\",\"width\":1334,\"height\":1042,\"caption\":\"VOIX DES SENS\"},\"image\":{\"@id\":\"https:\/\/voix-des-sens.fr\/#\/schema\/logo\/image\/\"},\"sameAs\":[\"https:\/\/www.facebook.com\/profile.php?viewas=100000686899395&id=61556635996207\",\"https:\/\/www.instagram.com\/voix.des.sens\/?utm_source=qr&igshid=MThlNWY1MzQwNA\"]}]}<\/script>\n<!-- \/ Yoast SEO plugin. -->","yoast_head_json":{"title":"Articles autour de la sophrologie - VOIX DES SENS","description":"Articles sur la sophrologie \u00e0 Geneston et Vertou : conseils, r\u00e9ponses aux questions pour adultes, enfants, adolescents, parents et futures mamans.","robots":{"index":"index","follow":"follow","max-snippet":"max-snippet:-1","max-image-preview":"max-image-preview:large","max-video-preview":"max-video-preview:-1"},"canonical":"https:\/\/voix-des-sens.fr\/index.php\/articles-sophrologie\/","og_locale":"fr_FR","og_type":"article","og_title":"Articles autour de la sophrologie - VOIX DES SENS","og_description":"Articles sur la sophrologie \u00e0 Geneston et Vertou : conseils, r\u00e9ponses aux questions pour adultes, enfants, adolescents, parents et futures mamans.","og_url":"https:\/\/voix-des-sens.fr\/index.php\/articles-sophrologie\/","og_site_name":"VOIX DES SENS","article_publisher":"https:\/\/www.facebook.com\/profile.php?viewas=100000686899395&id=61556635996207","article_modified_time":"2026-03-19T11:30:09+00:00","og_image":[{"width":1500,"height":1126,"url":"https:\/\/voix-des-sens.fr\/wp-content\/uploads\/2024\/12\/MARION-PIETRZAK-SOPHROLOGUE-VOIX-DES-SENS-GENESTON-ECRITURE.jpg","type":"image\/jpeg"}],"twitter_card":"summary_large_image","twitter_misc":{"Dur\u00e9e de lecture estim\u00e9e":"3 minutes"},"schema":{"@context":"https:\/\/schema.org","@graph":[{"@type":"WebPage","@id":"https:\/\/voix-des-sens.fr\/index.php\/articles-sophrologie\/","url":"https:\/\/voix-des-sens.fr\/index.php\/articles-sophrologie\/","name":"Articles autour de la sophrologie - VOIX DES SENS","isPartOf":{"@id":"https:\/\/voix-des-sens.fr\/#website"},"primaryImageOfPage":{"@id":"https:\/\/voix-des-sens.fr\/index.php\/articles-sophrologie\/#primaryimage"},"image":{"@id":"https:\/\/voix-des-sens.fr\/index.php\/articles-sophrologie\/#primaryimage"},"thumbnailUrl":"https:\/\/voix-des-sens.fr\/wp-content\/uploads\/2024\/12\/MARION-PIETRZAK-SOPHROLOGUE-VOIX-DES-SENS-GENESTON-ECRITURE-1024x769.jpg","datePublished":"2023-12-12T10:50:30+00:00","dateModified":"2026-03-19T11:30:09+00:00","description":"Articles sur la sophrologie \u00e0 Geneston et Vertou : conseils, r\u00e9ponses aux questions pour adultes, enfants, adolescents, parents et futures mamans.","inLanguage":"fr-FR","potentialAction":[{"@type":"ReadAction","target":["https:\/\/voix-des-sens.fr\/index.php\/articles-sophrologie\/"]}]},{"@type":"ImageObject","inLanguage":"fr-FR","@id":"https:\/\/voix-des-sens.fr\/index.php\/articles-sophrologie\/#primaryimage","url":"https:\/\/voix-des-sens.fr\/wp-content\/uploads\/2024\/12\/MARION-PIETRZAK-SOPHROLOGUE-VOIX-DES-SENS-GENESTON-ECRITURE.jpg","contentUrl":"https:\/\/voix-des-sens.fr\/wp-content\/uploads\/2024\/12\/MARION-PIETRZAK-SOPHROLOGUE-VOIX-DES-SENS-GENESTON-ECRITURE.jpg","width":1500,"height":1126},{"@type":"WebSite","@id":"https:\/\/voix-des-sens.fr\/#website","url":"https:\/\/voix-des-sens.fr\/","name":"VOIX DES SENS","description":"","publisher":{"@id":"https:\/\/voix-des-sens.fr\/#organization"},"potentialAction":[{"@type":"SearchAction","target":{"@type":"EntryPoint","urlTemplate":"https:\/\/voix-des-sens.fr\/?s={search_term_string}"},"query-input":{"@type":"PropertyValueSpecification","valueRequired":true,"valueName":"search_term_string"}}],"inLanguage":"fr-FR"},{"@type":"Organization","@id":"https:\/\/voix-des-sens.fr\/#organization","name":"VOIX DES SENS","url":"https:\/\/voix-des-sens.fr\/","logo":{"@type":"ImageObject","inLanguage":"fr-FR","@id":"https:\/\/voix-des-sens.fr\/#\/schema\/logo\/image\/","url":"https:\/\/voix-des-sens.fr\/wp-content\/uploads\/2024\/03\/logo_logo-horizontal-baseline-rose-fonce-2.png","contentUrl":"https:\/\/voix-des-sens.fr\/wp-content\/uploads\/2024\/03\/logo_logo-horizontal-baseline-rose-fonce-2.png","width":1334,"height":1042,"caption":"VOIX DES SENS"},"image":{"@id":"https:\/\/voix-des-sens.fr\/#\/schema\/logo\/image\/"},"sameAs":["https:\/\/www.facebook.com\/profile.php?viewas=100000686899395&id=61556635996207","https:\/\/www.instagram.com\/voix.des.sens\/?utm_source=qr&igshid=MThlNWY1MzQwNA"]}]}},"_links":{"self":[{"href":"https:\/\/voix-des-sens.fr\/index.php\/wp-json\/wp\/v2\/pages\/924","targetHints":{"allow":["GET"]}}],"collection":[{"href":"https:\/\/voix-des-sens.fr\/index.php\/wp-json\/wp\/v2\/pages"}],"about":[{"href":"https:\/\/voix-des-sens.fr\/index.php\/wp-json\/wp\/v2\/types\/page"}],"author":[{"embeddable":true,"href":"https:\/\/voix-des-sens.fr\/index.php\/wp-json\/wp\/v2\/users\/1"}],"replies":[{"embeddable":true,"href":"https:\/\/voix-des-sens.fr\/index.php\/wp-json\/wp\/v2\/comments?post=924"}],"version-history":[{"count":131,"href":"https:\/\/voix-des-sens.fr\/index.php\/wp-json\/wp\/v2\/pages\/924\/revisions"}],"predecessor-version":[{"id":7180,"href":"https:\/\/voix-des-sens.fr\/index.php\/wp-json\/wp\/v2\/pages\/924\/revisions\/7180"}],"wp:attachment":[{"href":"https:\/\/voix-des-sens.fr\/index.php\/wp-json\/wp\/v2\/media?parent=924"}],"curies":[{"name":"wp","href":"https:\/\/api.w.org\/{rel}","templated":true}]}}