{"id":3640,"date":"2024-11-29T15:44:02","date_gmt":"2024-11-29T14:44:02","guid":{"rendered":"https:\/\/voix-des-sens.fr\/?page_id=3640"},"modified":"2025-02-03T12:21:00","modified_gmt":"2025-02-03T11:21:00","slug":"pack-nouvelle-annee-positive","status":"publish","type":"page","link":"https:\/\/voix-des-sens.fr\/index.php\/pack-nouvelle-annee-positive\/","title":{"rendered":"Pack Nouvelle Ann\u00e9e Positive"},"content":{"rendered":"\n<h5 class=\"wp-block-heading has-text-align-center has-neve-link-hover-color-color has-text-color has-link-color wp-elements-a62e7f7e45716f1e7d96722b50e7260a\" style=\"font-size:46px\"><strong>PACK : NOUVELLE ANNEE POSITIVE<\/strong><\/h5>\n\n\n\n<p class=\"has-text-align-center has-nv-dark-bg-color has-text-color has-link-color wp-elements-8e7d1d6f21b3fc4cfb2013702acb1436\" style=\"font-size:25px\"><strong>Tournez la page<\/strong> de l&rsquo;ann\u00e9e pass\u00e9e et <strong>d\u00e9marrez 2025<\/strong> sous le signe du renouveau.<\/p>\n\n\n\n<p class=\"has-text-align-center has-neve-text-color-color has-text-color has-link-color wp-elements-7863ec949f9422d5975d6621ebb8a0f3\" style=\"padding-right:var(--wp--preset--spacing--80);padding-left:var(--wp--preset--spacing--80)\">Accordez vous un moment pour faire le point, rel\u00e2cher les tensions et repartir sur des <strong>bases solides<\/strong>. Que vous souhaitiez d\u00e9couvrir la sophrologie ou amorcer un v\u00e9ritable changement, le Pack Nouvelle Ann\u00e9e Positive est con\u00e7u pour vous guider vers <strong>un nouveau d\u00e9part en 2025<\/strong>.<\/p>\n\n\n\n<div style=\"height:29px\" aria-hidden=\"true\" class=\"wp-block-spacer\"><\/div>\n\n\n\n<p class=\"has-text-align-center has-neve-link-hover-color-color has-text-color has-link-color has-medium-font-size wp-elements-1bd72b551ef9a456090932546f696a12\" style=\"text-decoration:underline\"><strong>Offre valable jusqu&rsquo;au 31 janvier 2025 <\/strong><\/p>\n\n\n\n<hr class=\"wp-block-separator has-alpha-channel-opacity\"\/>\n\n\n\n<p>Choisissez parmi <strong>3 formules<\/strong> adapt\u00e9es \u00e0 vos besoins :<\/p>\n\n\n\n<ul class=\"wp-block-list\">\n<li><strong>S\u00e9ance d\u00e9couverte<\/strong> : 45 \u20ac la s\u00e9ance<\/li>\n\n\n\n<li><strong>Pack Premier Pas vers le Renouveau<\/strong> : 145 \u20ac les 3 s\u00e9ances<\/li>\n\n\n\n<li><strong>Pack Bien-\u00eatre Prolong\u00e9<\/strong> : 235 \u20ac les 5 s\u00e9ances<\/li>\n<\/ul>\n\n\n\n<p>Ces packs de 3 ou 5 s\u00e9ances sont une excellente opportunit\u00e9 pour amorcer un changement. Si vous ressentez le besoin d&rsquo;aller plus loin, un programme complet de 8 \u00e0 12 s\u00e9ances vous offrira un <a href=\"https:\/\/voix-des-sens.fr\/index.php\/programme-daccompagnement-personnalise\/\">accompagnement personnalis\u00e9<\/a> pour aller plus en profondeur.<\/p>\n\n\n\n<hr class=\"wp-block-separator has-alpha-channel-opacity\"\/>\n\n\n\n<h2 class=\"wp-block-heading has-text-align-center has-neve-link-hover-color-color has-text-color has-link-color wp-elements-6e8191f858c1cebdf030661b45c15c6a\"><strong>la seance decouverte<\/strong><\/h2>\n\n\n\n<div class=\"wp-block-columns alignwide has-neve-link-hover-color-background-color has-background is-layout-flex wp-container-core-columns-is-layout-9d6595d7 wp-block-columns-is-layout-flex\" style=\"border-width:1px\">\n<div class=\"wp-block-column is-layout-flow wp-block-column-is-layout-flow\" style=\"flex-basis:33.33%\">\n<figure class=\"wp-block-image size-full is-resized is-style-default wp-duotone-grayscale\"><img loading=\"lazy\" decoding=\"async\" width=\"392\" height=\"697\" src=\"https:\/\/voix-des-sens.fr\/wp-content\/uploads\/2024\/11\/Capture-decran-2024-11-28-162803-edited.png\" alt=\"marion pietrzak voix des sens geneston en train d'animer une visualisation avec le pack nouvelle ann\u00e9e positive\" class=\"wp-image-3646\" style=\"width:288px;height:auto\" srcset=\"https:\/\/voix-des-sens.fr\/wp-content\/uploads\/2024\/11\/Capture-decran-2024-11-28-162803-edited.png 392w, https:\/\/voix-des-sens.fr\/wp-content\/uploads\/2024\/11\/Capture-decran-2024-11-28-162803-edited-169x300.png 169w\" sizes=\"auto, (max-width: 392px) 100vw, 392px\" \/><\/figure>\n<\/div>\n\n\n\n<div class=\"wp-block-column is-layout-flow wp-block-column-is-layout-flow\" style=\"flex-basis:66.66%\">\n<h3 class=\"wp-block-heading has-text-align-center has-nv-dark-bg-color has-text-color has-link-color wp-elements-31a070e50e26e55be070811e6e3b24ae\">testez la sophrologie avec une seance personnalisee a tarif r\u00e9duit<\/h3>\n\n\n\n<ul class=\"wp-block-list\">\n<li>Une s\u00e9ance d\u00e9di\u00e9e \u00e0 la <strong>d\u00e9tente<\/strong> et au <strong>bien-\u00eatre<\/strong>.<\/li>\n\n\n\n<li>Une <strong>th\u00e9matique personnalis\u00e9e<\/strong> selon vos besoins imm\u00e9diats : sommeil, stress, \u00e9motions, et plus encore.<\/li>\n<\/ul>\n\n\n\n<hr class=\"wp-block-separator has-alpha-channel-opacity\"\/>\n\n\n\n<div class=\"wp-block-group is-vertical is-layout-flex wp-container-core-group-is-layout-8cf370e7 wp-block-group-is-layout-flex\">\n<p>Nombre de s\u00e9ance : <strong>1<\/strong><\/p>\n\n\n\n<p>Dur\u00e9e de la s\u00e9ance : <strong>1 heure<\/strong><\/p>\n\n\n\n<p class=\"has-nv-dark-bg-color has-text-color has-link-color wp-elements-2e20718d76bebf07c8b651590d1be1ab\">Tarif : <strong>45 euros <\/strong><em>(au lieu de 55 euros)<\/em><\/p>\n\n\n\n<p>Disponibilit\u00e9 : jusqu&rsquo;au <strong>31\/01\/2025<\/strong>, s\u00e9ance r\u00e9alis\u00e9e sans limite de temps<\/p>\n\n\n\n<p>Supports inclus : <strong>Audios<\/strong> et <strong>fiches pratiques<\/strong> pour prolonger les b\u00e9n\u00e9fices chez vous.<\/p>\n<\/div>\n\n\n\n<div class=\"wp-block-buttons is-content-justification-center is-layout-flex wp-container-core-buttons-is-layout-16018d1d wp-block-buttons-is-layout-flex\">\n<div class=\"wp-block-button is-style-default\"><a class=\"wp-block-button__link has-nv-c-1-color has-nv-dark-bg-background-color has-text-color has-background has-link-color has-text-align-center wp-element-button\" href=\"https:\/\/voix-des-sens.fr\/index.php\/contact\/\">Me contacter<\/a><\/div>\n<\/div>\n<\/div>\n<\/div>\n\n\n\n<h2 class=\"wp-block-heading has-text-align-center has-nv-dark-bg-color has-text-color has-link-color wp-elements-329ea7a4a769d2d0ea8739a717828452\"><strong>pack : premier pas vers le renouveau<\/strong><\/h2>\n\n\n\n<div class=\"wp-block-columns has-nv-dark-bg-background-color has-background is-layout-flex wp-container-core-columns-is-layout-9d6595d7 wp-block-columns-is-layout-flex\" style=\"border-width:1px\">\n<div class=\"wp-block-column is-layout-flow wp-block-column-is-layout-flow\" style=\"flex-basis:66.66%\">\n<h3 class=\"wp-block-heading has-text-align-center has-nv-light-bg-color has-text-color has-link-color wp-elements-81e4bd65b8f70d5faed603311db88fef\">vous meritez de laisser derriere vous, ce qui ne vous sert plus<\/h3>\n\n\n\n<h6 class=\"wp-block-heading has-text-align-center\" style=\"font-size:25px\">Un point de d\u00e9part pour d\u00e9couvrir la sophrologie et amorcer un changement rapide.<\/h6>\n\n\n\n<ul class=\"wp-block-list\">\n<li>Lib\u00e9rez vous du <strong>stress accumul\u00e9<\/strong> durant l&rsquo;ann\u00e9e 2024 (difficult\u00e9s professionnelle, probl\u00e8mes personnel, \u00e9puisement g\u00e9n\u00e9ral &#8230;)<\/li>\n\n\n\n<li>Lancez 2025 avec des <strong>bases positives<\/strong> et un esprit plus serein.<\/li>\n\n\n\n<li>Retrouvez de la <strong>motivation<\/strong> et une nouvelle <strong>\u00e9nergie<\/strong>.<\/li>\n\n\n\n<li>Posez des intentions ou <strong>projets pour l&rsquo;ann\u00e9e \u00e0 venir<\/strong>.<\/li>\n<\/ul>\n\n\n\n<hr class=\"wp-block-separator has-alpha-channel-opacity\"\/>\n\n\n\n<p>Nombre de s\u00e9ances : <strong>3<\/strong><\/p>\n\n\n\n<p>Dur\u00e9e :<strong> 1 heure<\/strong> par s\u00e9ance<\/p>\n\n\n\n<p class=\"has-nv-light-bg-color has-text-color has-link-color wp-elements-ab38f11e897fa83f8497e1de2ce33ba9\">Tarif : <strong>145 euros<\/strong> <em>(au lieu de 165 euros)<\/em><\/p>\n\n\n\n<p>Disponibilit\u00e9 : jusqu&rsquo;au <strong>31\/01\/2025<\/strong>, s\u00e9ances r\u00e9alis\u00e9es sans limite de temps<\/p>\n\n\n\n<p>Paiement : en <strong>2 fois possible<\/strong><\/p>\n\n\n\n<p>Offre compl\u00e9mentaire : <strong>-10%<\/strong> sur une prochaine s\u00e9ance apr\u00e8s le pack.<\/p>\n\n\n\n<p>Supports inclus : <strong>Audios <\/strong>et <strong>fiches pratiques <\/strong>pour prolonger les b\u00e9n\u00e9fices chez vous.<\/p>\n\n\n\n<div class=\"wp-block-buttons is-content-justification-center is-layout-flex wp-container-core-buttons-is-layout-16018d1d wp-block-buttons-is-layout-flex\">\n<div class=\"wp-block-button is-style-default\"><a class=\"wp-block-button__link has-neve-link-color-color has-nv-light-bg-background-color has-text-color has-background has-link-color has-text-align-center wp-element-button\" href=\"https:\/\/voix-des-sens.fr\/index.php\/contact\/\">Me contacter<\/a><\/div>\n<\/div>\n<\/div>\n\n\n\n<div class=\"wp-block-column is-vertically-aligned-center is-layout-flow wp-block-column-is-layout-flow\" style=\"flex-basis:33.33%\"><div class=\"wp-block-image wp-duotone-grayscale\">\n<figure class=\"alignright size-full is-resized\"><img loading=\"lazy\" decoding=\"async\" width=\"299\" height=\"531\" src=\"https:\/\/voix-des-sens.fr\/wp-content\/uploads\/2024\/11\/Capture-decran-2024-11-27-155359-1-edited.png\" alt=\"marion pietrzak voix des sens geneston en train d'animer une un relachement mental avec le pack nouvelle ann\u00e9e positive\" class=\"wp-image-3699\" style=\"width:340px;height:auto\" srcset=\"https:\/\/voix-des-sens.fr\/wp-content\/uploads\/2024\/11\/Capture-decran-2024-11-27-155359-1-edited.png 299w, https:\/\/voix-des-sens.fr\/wp-content\/uploads\/2024\/11\/Capture-decran-2024-11-27-155359-1-edited-169x300.png 169w\" sizes=\"auto, (max-width: 299px) 100vw, 299px\" \/><\/figure>\n<\/div><\/div>\n<\/div>\n\n\n\n<h2 class=\"wp-block-heading has-text-align-center has-nv-dark-bg-color has-text-color has-link-color wp-elements-77826819f89239a9f496b51820f1b3d5\"><strong>pack : bien etre prolonge<\/strong><\/h2>\n\n\n\n<div class=\"wp-block-columns has-nv-light-bg-background-color has-background is-layout-flex wp-container-core-columns-is-layout-9d6595d7 wp-block-columns-is-layout-flex\" style=\"border-width:1px\">\n<div class=\"wp-block-column is-vertically-aligned-center is-layout-flow wp-block-column-is-layout-flow\" style=\"flex-basis:33.33%\"><div class=\"wp-block-image wp-duotone-grayscale\">\n<figure class=\"aligncenter size-full is-resized\"><img loading=\"lazy\" decoding=\"async\" width=\"357\" height=\"635\" src=\"https:\/\/voix-des-sens.fr\/wp-content\/uploads\/2024\/11\/Capture-decran-2024-11-27-155213-edited.png\" alt=\"marion pietrzak voix des sens geneston en train de faire le point sur l'ann\u00e9e 2024 avec le pack nouvelle ann\u00e9e positive\" class=\"wp-image-3696\" style=\"object-fit:cover;width:447px;height:auto\" srcset=\"https:\/\/voix-des-sens.fr\/wp-content\/uploads\/2024\/11\/Capture-decran-2024-11-27-155213-edited.png 357w, https:\/\/voix-des-sens.fr\/wp-content\/uploads\/2024\/11\/Capture-decran-2024-11-27-155213-edited-169x300.png 169w\" sizes=\"auto, (max-width: 357px) 100vw, 357px\" \/><\/figure>\n<\/div><\/div>\n\n\n\n<div class=\"wp-block-column is-layout-flow wp-block-column-is-layout-flow\" style=\"flex-basis:66.66%\">\n<h3 class=\"wp-block-heading has-text-align-center has-custom-4-color has-text-color has-link-color wp-elements-a06b557db1d10cffd8345125fc7febcb\">offrez vous un nouveau depart pour une annee plus sereine<\/h3>\n\n\n\n<h6 class=\"wp-block-heading has-text-align-center\" style=\"font-size:25px\">Un accompagnement plus soutenu pour commencer \u00e0 transformer durablement vos habitudes et g\u00e9rer vos difficult\u00e9s.<\/h6>\n\n\n\n<ul class=\"wp-block-list\">\n<li>Recentrez vous sur <strong>vos priorit\u00e9s<\/strong>, posez une <strong>base solide<\/strong> pour 2025.<\/li>\n\n\n\n<li>Transformez vos habitudes et g\u00e9rez les <strong>difficult\u00e9s avec s\u00e9r\u00e9nit\u00e9<\/strong>.<\/li>\n<\/ul>\n\n\n\n<hr class=\"wp-block-separator has-alpha-channel-opacity\"\/>\n\n\n\n<p>Nombre de s\u00e9ances : <strong>5<\/strong><\/p>\n\n\n\n<p>Dur\u00e9e : <strong>1 heure<\/strong> par s\u00e9ance<\/p>\n\n\n\n<p class=\"has-custom-4-color has-text-color has-link-color wp-elements-7493d16ab0411d551571959d03bfc8dd\">Tarif : <strong>235 euros<\/strong> <em>(au lieu de 275 euros)<\/em><\/p>\n\n\n\n<p>Disponibilit\u00e9 : jusqu&rsquo;au <strong>31\/01\/202<\/strong>5, s\u00e9ances r\u00e9alis\u00e9es sans limite de temps<\/p>\n\n\n\n<p>Paiement : en <strong>3 fois possible<\/strong><\/p>\n\n\n\n<p>Offre compl\u00e9mentaire : <strong>-10%<\/strong> sur une prochaine s\u00e9ance apr\u00e8s le pack.<\/p>\n\n\n\n<p>Supports inclus : <strong>Audios<\/strong> et <strong>fiches pratiques<\/strong> pour prolonger les b\u00e9n\u00e9fices chez vous.<\/p>\n\n\n\n<div class=\"wp-block-buttons is-content-justification-center is-layout-flex wp-container-core-buttons-is-layout-16018d1d wp-block-buttons-is-layout-flex\">\n<div class=\"wp-block-button is-style-default\"><a class=\"wp-block-button__link has-nv-c-1-color has-custom-4-background-color has-text-color has-background has-link-color has-text-align-center wp-element-button\" href=\"https:\/\/voix-des-sens.fr\/index.php\/contact\/\">Me contacter<\/a><\/div>\n<\/div>\n<\/div>\n<\/div>\n\n\n\n<div style=\"height:43px\" aria-hidden=\"true\" class=\"wp-block-spacer\"><\/div>\n\n\n\n<p><\/p>\n","protected":false},"excerpt":{"rendered":"<p>PACK : NOUVELLE ANNEE POSITIVE Tournez la page de l&rsquo;ann\u00e9e pass\u00e9e et d\u00e9marrez 2025 sous le signe du renouveau. Accordez vous un moment pour faire le point, rel\u00e2cher les tensions et repartir sur des bases solides. Que vous souhaitiez d\u00e9couvrir la sophrologie ou amorcer un v\u00e9ritable changement, le Pack Nouvelle Ann\u00e9e Positive est con\u00e7u pour&hellip;&nbsp;<a href=\"https:\/\/voix-des-sens.fr\/index.php\/pack-nouvelle-annee-positive\/\" class=\"\" rel=\"bookmark\">Lire la suite &raquo;<span class=\"screen-reader-text\">Pack Nouvelle Ann\u00e9e Positive<\/span><\/a><\/p>\n","protected":false},"author":1,"featured_media":0,"parent":0,"menu_order":0,"comment_status":"closed","ping_status":"closed","template":"","meta":{"neve_meta_sidebar":"","neve_meta_container":"","neve_meta_enable_content_width":"","neve_meta_content_width":0,"neve_meta_title_alignment":"","neve_meta_author_avatar":"","neve_post_elements_order":"","neve_meta_disable_header":"","neve_meta_disable_footer":"","neve_meta_disable_title":"on","footnotes":""},"class_list":["post-3640","page","type-page","status-publish","hentry"],"yoast_head":"<!-- This site is optimized with the Yoast SEO plugin v26.8 - https:\/\/yoast.com\/product\/yoast-seo-wordpress\/ -->\n<title>Pack Nouvelle Ann\u00e9e Positive - VOIX DES SENS<\/title>\n<meta name=\"description\" content=\"Pack Nouvelle Ann\u00e9e Positive : lib\u00e9rez le stress, retrouvez s\u00e9r\u00e9nit\u00e9 et d\u00e9marrez 2025 avec \u00e9nergie. 3 formules adapt\u00e9es \u00e0 vos besoins.\" \/>\n<meta name=\"robots\" content=\"index, follow, max-snippet:-1, max-image-preview:large, max-video-preview:-1\" \/>\n<link rel=\"canonical\" href=\"https:\/\/voix-des-sens.fr\/index.php\/pack-nouvelle-annee-positive\/\" \/>\n<meta property=\"og:locale\" content=\"fr_FR\" \/>\n<meta property=\"og:type\" content=\"article\" \/>\n<meta property=\"og:title\" content=\"Pack Nouvelle Ann\u00e9e Positive - VOIX DES SENS\" \/>\n<meta property=\"og:description\" content=\"Pack Nouvelle Ann\u00e9e Positive : lib\u00e9rez le stress, retrouvez s\u00e9r\u00e9nit\u00e9 et d\u00e9marrez 2025 avec \u00e9nergie. 3 formules adapt\u00e9es \u00e0 vos besoins.\" \/>\n<meta property=\"og:url\" content=\"https:\/\/voix-des-sens.fr\/index.php\/pack-nouvelle-annee-positive\/\" \/>\n<meta property=\"og:site_name\" content=\"VOIX DES SENS\" \/>\n<meta property=\"article:publisher\" content=\"https:\/\/www.facebook.com\/profile.php?viewas=100000686899395&amp;id=61556635996207\" \/>\n<meta property=\"article:modified_time\" content=\"2025-02-03T11:21:00+00:00\" \/>\n<meta property=\"og:image\" content=\"https:\/\/voix-des-sens.fr\/wp-content\/uploads\/2024\/11\/Capture-decran-2024-11-28-162803-edited.png\" \/>\n\t<meta property=\"og:image:width\" content=\"392\" \/>\n\t<meta property=\"og:image:height\" content=\"697\" \/>\n\t<meta property=\"og:image:type\" content=\"image\/png\" \/>\n<meta name=\"twitter:card\" content=\"summary_large_image\" \/>\n<meta name=\"twitter:label1\" content=\"Dur\u00e9e de lecture estim\u00e9e\" \/>\n\t<meta name=\"twitter:data1\" content=\"3 minutes\" \/>\n<script type=\"application\/ld+json\" class=\"yoast-schema-graph\">{\"@context\":\"https:\/\/schema.org\",\"@graph\":[{\"@type\":\"WebPage\",\"@id\":\"https:\/\/voix-des-sens.fr\/index.php\/pack-nouvelle-annee-positive\/\",\"url\":\"https:\/\/voix-des-sens.fr\/index.php\/pack-nouvelle-annee-positive\/\",\"name\":\"Pack Nouvelle Ann\u00e9e Positive - VOIX DES SENS\",\"isPartOf\":{\"@id\":\"https:\/\/voix-des-sens.fr\/#website\"},\"primaryImageOfPage\":{\"@id\":\"https:\/\/voix-des-sens.fr\/index.php\/pack-nouvelle-annee-positive\/#primaryimage\"},\"image\":{\"@id\":\"https:\/\/voix-des-sens.fr\/index.php\/pack-nouvelle-annee-positive\/#primaryimage\"},\"thumbnailUrl\":\"https:\/\/voix-des-sens.fr\/wp-content\/uploads\/2024\/11\/Capture-decran-2024-11-28-162803-edited.png\",\"datePublished\":\"2024-11-29T14:44:02+00:00\",\"dateModified\":\"2025-02-03T11:21:00+00:00\",\"description\":\"Pack Nouvelle Ann\u00e9e Positive : lib\u00e9rez le stress, retrouvez s\u00e9r\u00e9nit\u00e9 et d\u00e9marrez 2025 avec \u00e9nergie. 3 formules adapt\u00e9es \u00e0 vos besoins.\",\"inLanguage\":\"fr-FR\",\"potentialAction\":[{\"@type\":\"ReadAction\",\"target\":[\"https:\/\/voix-des-sens.fr\/index.php\/pack-nouvelle-annee-positive\/\"]}]},{\"@type\":\"ImageObject\",\"inLanguage\":\"fr-FR\",\"@id\":\"https:\/\/voix-des-sens.fr\/index.php\/pack-nouvelle-annee-positive\/#primaryimage\",\"url\":\"https:\/\/voix-des-sens.fr\/wp-content\/uploads\/2024\/11\/Capture-decran-2024-11-28-162803-edited.png\",\"contentUrl\":\"https:\/\/voix-des-sens.fr\/wp-content\/uploads\/2024\/11\/Capture-decran-2024-11-28-162803-edited.png\",\"width\":392,\"height\":697},{\"@type\":\"WebSite\",\"@id\":\"https:\/\/voix-des-sens.fr\/#website\",\"url\":\"https:\/\/voix-des-sens.fr\/\",\"name\":\"VOIX DES SENS\",\"description\":\"\",\"publisher\":{\"@id\":\"https:\/\/voix-des-sens.fr\/#organization\"},\"potentialAction\":[{\"@type\":\"SearchAction\",\"target\":{\"@type\":\"EntryPoint\",\"urlTemplate\":\"https:\/\/voix-des-sens.fr\/?s={search_term_string}\"},\"query-input\":{\"@type\":\"PropertyValueSpecification\",\"valueRequired\":true,\"valueName\":\"search_term_string\"}}],\"inLanguage\":\"fr-FR\"},{\"@type\":\"Organization\",\"@id\":\"https:\/\/voix-des-sens.fr\/#organization\",\"name\":\"VOIX DES SENS\",\"url\":\"https:\/\/voix-des-sens.fr\/\",\"logo\":{\"@type\":\"ImageObject\",\"inLanguage\":\"fr-FR\",\"@id\":\"https:\/\/voix-des-sens.fr\/#\/schema\/logo\/image\/\",\"url\":\"https:\/\/voix-des-sens.fr\/wp-content\/uploads\/2024\/03\/logo_logo-horizontal-baseline-rose-fonce-2.png\",\"contentUrl\":\"https:\/\/voix-des-sens.fr\/wp-content\/uploads\/2024\/03\/logo_logo-horizontal-baseline-rose-fonce-2.png\",\"width\":1334,\"height\":1042,\"caption\":\"VOIX DES SENS\"},\"image\":{\"@id\":\"https:\/\/voix-des-sens.fr\/#\/schema\/logo\/image\/\"},\"sameAs\":[\"https:\/\/www.facebook.com\/profile.php?viewas=100000686899395&id=61556635996207\",\"https:\/\/www.instagram.com\/voix.des.sens\/?utm_source=qr&igshid=MThlNWY1MzQwNA\"]}]}<\/script>\n<!-- \/ Yoast SEO plugin. -->","yoast_head_json":{"title":"Pack Nouvelle Ann\u00e9e Positive - VOIX DES SENS","description":"Pack Nouvelle Ann\u00e9e Positive : lib\u00e9rez le stress, retrouvez s\u00e9r\u00e9nit\u00e9 et d\u00e9marrez 2025 avec \u00e9nergie. 3 formules adapt\u00e9es \u00e0 vos besoins.","robots":{"index":"index","follow":"follow","max-snippet":"max-snippet:-1","max-image-preview":"max-image-preview:large","max-video-preview":"max-video-preview:-1"},"canonical":"https:\/\/voix-des-sens.fr\/index.php\/pack-nouvelle-annee-positive\/","og_locale":"fr_FR","og_type":"article","og_title":"Pack Nouvelle Ann\u00e9e Positive - VOIX DES SENS","og_description":"Pack Nouvelle Ann\u00e9e Positive : lib\u00e9rez le stress, retrouvez s\u00e9r\u00e9nit\u00e9 et d\u00e9marrez 2025 avec \u00e9nergie. 3 formules adapt\u00e9es \u00e0 vos besoins.","og_url":"https:\/\/voix-des-sens.fr\/index.php\/pack-nouvelle-annee-positive\/","og_site_name":"VOIX DES SENS","article_publisher":"https:\/\/www.facebook.com\/profile.php?viewas=100000686899395&id=61556635996207","article_modified_time":"2025-02-03T11:21:00+00:00","og_image":[{"width":392,"height":697,"url":"https:\/\/voix-des-sens.fr\/wp-content\/uploads\/2024\/11\/Capture-decran-2024-11-28-162803-edited.png","type":"image\/png"}],"twitter_card":"summary_large_image","twitter_misc":{"Dur\u00e9e de lecture estim\u00e9e":"3 minutes"},"schema":{"@context":"https:\/\/schema.org","@graph":[{"@type":"WebPage","@id":"https:\/\/voix-des-sens.fr\/index.php\/pack-nouvelle-annee-positive\/","url":"https:\/\/voix-des-sens.fr\/index.php\/pack-nouvelle-annee-positive\/","name":"Pack Nouvelle Ann\u00e9e Positive - VOIX DES SENS","isPartOf":{"@id":"https:\/\/voix-des-sens.fr\/#website"},"primaryImageOfPage":{"@id":"https:\/\/voix-des-sens.fr\/index.php\/pack-nouvelle-annee-positive\/#primaryimage"},"image":{"@id":"https:\/\/voix-des-sens.fr\/index.php\/pack-nouvelle-annee-positive\/#primaryimage"},"thumbnailUrl":"https:\/\/voix-des-sens.fr\/wp-content\/uploads\/2024\/11\/Capture-decran-2024-11-28-162803-edited.png","datePublished":"2024-11-29T14:44:02+00:00","dateModified":"2025-02-03T11:21:00+00:00","description":"Pack Nouvelle Ann\u00e9e Positive : lib\u00e9rez le stress, retrouvez s\u00e9r\u00e9nit\u00e9 et d\u00e9marrez 2025 avec \u00e9nergie. 3 formules adapt\u00e9es \u00e0 vos besoins.","inLanguage":"fr-FR","potentialAction":[{"@type":"ReadAction","target":["https:\/\/voix-des-sens.fr\/index.php\/pack-nouvelle-annee-positive\/"]}]},{"@type":"ImageObject","inLanguage":"fr-FR","@id":"https:\/\/voix-des-sens.fr\/index.php\/pack-nouvelle-annee-positive\/#primaryimage","url":"https:\/\/voix-des-sens.fr\/wp-content\/uploads\/2024\/11\/Capture-decran-2024-11-28-162803-edited.png","contentUrl":"https:\/\/voix-des-sens.fr\/wp-content\/uploads\/2024\/11\/Capture-decran-2024-11-28-162803-edited.png","width":392,"height":697},{"@type":"WebSite","@id":"https:\/\/voix-des-sens.fr\/#website","url":"https:\/\/voix-des-sens.fr\/","name":"VOIX DES SENS","description":"","publisher":{"@id":"https:\/\/voix-des-sens.fr\/#organization"},"potentialAction":[{"@type":"SearchAction","target":{"@type":"EntryPoint","urlTemplate":"https:\/\/voix-des-sens.fr\/?s={search_term_string}"},"query-input":{"@type":"PropertyValueSpecification","valueRequired":true,"valueName":"search_term_string"}}],"inLanguage":"fr-FR"},{"@type":"Organization","@id":"https:\/\/voix-des-sens.fr\/#organization","name":"VOIX DES SENS","url":"https:\/\/voix-des-sens.fr\/","logo":{"@type":"ImageObject","inLanguage":"fr-FR","@id":"https:\/\/voix-des-sens.fr\/#\/schema\/logo\/image\/","url":"https:\/\/voix-des-sens.fr\/wp-content\/uploads\/2024\/03\/logo_logo-horizontal-baseline-rose-fonce-2.png","contentUrl":"https:\/\/voix-des-sens.fr\/wp-content\/uploads\/2024\/03\/logo_logo-horizontal-baseline-rose-fonce-2.png","width":1334,"height":1042,"caption":"VOIX DES SENS"},"image":{"@id":"https:\/\/voix-des-sens.fr\/#\/schema\/logo\/image\/"},"sameAs":["https:\/\/www.facebook.com\/profile.php?viewas=100000686899395&id=61556635996207","https:\/\/www.instagram.com\/voix.des.sens\/?utm_source=qr&igshid=MThlNWY1MzQwNA"]}]}},"_links":{"self":[{"href":"https:\/\/voix-des-sens.fr\/index.php\/wp-json\/wp\/v2\/pages\/3640","targetHints":{"allow":["GET"]}}],"collection":[{"href":"https:\/\/voix-des-sens.fr\/index.php\/wp-json\/wp\/v2\/pages"}],"about":[{"href":"https:\/\/voix-des-sens.fr\/index.php\/wp-json\/wp\/v2\/types\/page"}],"author":[{"embeddable":true,"href":"https:\/\/voix-des-sens.fr\/index.php\/wp-json\/wp\/v2\/users\/1"}],"replies":[{"embeddable":true,"href":"https:\/\/voix-des-sens.fr\/index.php\/wp-json\/wp\/v2\/comments?post=3640"}],"version-history":[{"count":135,"href":"https:\/\/voix-des-sens.fr\/index.php\/wp-json\/wp\/v2\/pages\/3640\/revisions"}],"predecessor-version":[{"id":4085,"href":"https:\/\/voix-des-sens.fr\/index.php\/wp-json\/wp\/v2\/pages\/3640\/revisions\/4085"}],"wp:attachment":[{"href":"https:\/\/voix-des-sens.fr\/index.php\/wp-json\/wp\/v2\/media?parent=3640"}],"curies":[{"name":"wp","href":"https:\/\/api.w.org\/{rel}","templated":true}]}}