{"id":3514,"date":"2024-11-15T11:20:05","date_gmt":"2024-11-15T10:20:05","guid":{"rendered":"https:\/\/voix-des-sens.fr\/?page_id=3514"},"modified":"2025-12-21T14:36:02","modified_gmt":"2025-12-21T13:36:02","slug":"bon-cadeau","status":"publish","type":"page","link":"https:\/\/voix-des-sens.fr\/index.php\/bon-cadeau\/","title":{"rendered":"Bon cadeau"},"content":{"rendered":"\n<h1 class=\"wp-block-heading has-text-align-center has-neve-link-hover-color-color has-text-color has-link-color wp-elements-b368815a87f08999eca200c7906341ce\"><strong>Bon cadeau<\/strong><\/h1>\n\n\n\n<h2 class=\"wp-block-heading has-text-align-center has-neve-link-hover-color-color has-text-color has-link-color wp-elements-cf39467934f99bdc22c602962774ae4a\"><strong>offrez un moment de bien etre<\/strong><\/h2>\n\n\n\n<div style=\"height:34px\" aria-hidden=\"true\" class=\"wp-block-spacer\"><\/div>\n\n\n<div class=\"wp-block-image\">\n<figure class=\"aligncenter size-large is-resized\"><img loading=\"lazy\" decoding=\"async\" width=\"1024\" height=\"1024\" src=\"http:\/\/voix-des-sens.fr\/wp-content\/uploads\/2025\/01\/posts-1024x1024.png\" alt=\"\" class=\"wp-image-4169\" style=\"width:510px;height:auto\" srcset=\"https:\/\/voix-des-sens.fr\/wp-content\/uploads\/2025\/01\/posts-1024x1024.png 1024w, https:\/\/voix-des-sens.fr\/wp-content\/uploads\/2025\/01\/posts-300x300.png 300w, https:\/\/voix-des-sens.fr\/wp-content\/uploads\/2025\/01\/posts-150x150.png 150w, https:\/\/voix-des-sens.fr\/wp-content\/uploads\/2025\/01\/posts-768x768.png 768w, https:\/\/voix-des-sens.fr\/wp-content\/uploads\/2025\/01\/posts.png 1080w\" sizes=\"auto, (max-width: 1024px) 100vw, 1024px\" \/><\/figure>\n<\/div>\n\n\n<div style=\"height:59px\" aria-hidden=\"true\" class=\"wp-block-spacer\"><\/div>\n\n\n\n<h3 class=\"wp-block-heading has-text-align-center has-neve-link-hover-color-color has-text-color has-link-color wp-elements-d9639129375ef1c07256b62d91022cf0\">Offrez un bon cadeau unique<\/h3>\n\n\n\n<div style=\"height:43px\" aria-hidden=\"true\" class=\"wp-block-spacer\"><\/div>\n\n\n\n<p class=\"has-neve-link-color-color has-text-color has-link-color wp-elements-860fd0da70aad60c241609cef872706e\">Vous cherchez un <strong>cadeau original<\/strong> \u00e0 offrir ou s&rsquo;offrir ? Offrez ce <strong>bon Voix des Sens<\/strong> !<\/p>\n\n\n\n<p>Que ce soit pour No\u00ebl, un anniversaire, ou simplement pour <strong>faire plaisir<\/strong> \u00e0 une personne que vous aimez, ce bon cadeau permet de lui faire d\u00e9couvrir <strong>la sophrologie<\/strong>.  <\/p>\n\n\n\n<p>Ainsi, vous ferez d\u00e9couvrir les <strong>outils <\/strong>et les <strong>bienfaits<\/strong> de la sophrologie, qui accompagnerons vos proches dans leur bien-\u00eatre au quotidien.<\/p>\n\n\n\n<div style=\"height:46px\" aria-hidden=\"true\" class=\"wp-block-spacer\"><\/div>\n\n\n\n<h4 class=\"wp-block-heading has-text-align-left has-nv-dark-bg-color has-text-color has-link-color has-medium-font-size wp-elements-00f919eefc56b6dc41e5ad70d77d961f\"><strong>Un bon cadeau aux usages multiples<\/strong><\/h4>\n\n\n\n<p>Le bon cadeau vous offre une grande libert\u00e9 d\u2019utilisation.<br>Il peut \u00eatre utilis\u00e9 aussi bien pour :<\/p>\n\n\n\n<ul class=\"wp-block-list\">\n<li>des <strong><a href=\"https:\/\/voix-des-sens.fr\/index.php\/tarifs\/\">s\u00e9ances individuelles de sophrologie<\/a><\/strong>,<\/li>\n\n\n\n<li>des <strong><a href=\"https:\/\/voix-des-sens.fr\/index.php\/cours-collectives-de-sophrologie\/\">s\u00e9ances collectives<\/a><\/strong>, notamment celles propos\u00e9es en partenariat avec <em>Singuli\u00e8res<\/em>,<\/li>\n\n\n\n<li>ou encore pour acc\u00e9der \u00e0 des <strong><a href=\"https:\/\/voix-des-sens.fr\/index.php\/audios-de-sophrologie\/\">audios de sophrologie<\/a><\/strong>, \u00e0 \u00e9couter en toute autonomie, chez soi, au rythme de chacun.<\/li>\n<\/ul>\n\n\n\n<p>Cette offre vari\u00e9e, permet \u00e0 la personne qui re\u00e7oit le bon de choisir l\u2019accompagnement qui lui correspond le mieux, selon ses besoins, son emploi du temps et sa sensibilit\u00e9.<\/p>\n\n\n\n<div style=\"height:39px\" aria-hidden=\"true\" class=\"wp-block-spacer\"><\/div>\n\n\n\n<h4 class=\"wp-block-heading has-custom-2-color has-text-color has-link-color has-medium-font-size wp-elements-c2f81b971fb405e35b2916b7bd8b221b\"><strong>Montant au choix<\/strong><\/h4>\n\n\n\n<p>Soyez libre de <strong>personnaliser le montant<\/strong> du bon Voix des Sens \u00e0 votre budget.<\/p>\n\n\n\n<p>Ce bon cadeau est <strong>utilisable pour l\u2019ensemble des prestations propos\u00e9es<\/strong> : s\u00e9ance d\u00e9couverte, accompagnement personnalis\u00e9, s\u00e9ances collectives ou audios de sophrologie. Il offre la libert\u00e9 de choisir un <strong>accompagnement adapt\u00e9 \u00e0 ses envies et \u00e0 ses besoins<\/strong>.<\/p>\n\n\n\n<div style=\"height:43px\" aria-hidden=\"true\" class=\"wp-block-spacer\"><\/div>\n\n\n\n<h4 class=\"wp-block-heading has-custom-2-color has-text-color has-link-color has-medium-font-size wp-elements-44ea39532a40c07ec3742640d05c97b6\"><strong>Valable 1 an<\/strong><\/h4>\n\n\n\n<p>Le bon est valable pour une <strong>dur\u00e9e de 12 mois<\/strong>, pour r\u00e9server une s\u00e9ance ou un programme de sophrologie.<\/p>\n\n\n\n<div style=\"height:42px\" aria-hidden=\"true\" class=\"wp-block-spacer\"><\/div>\n\n\n\n<h4 class=\"wp-block-heading has-custom-2-color has-text-color has-link-color has-medium-font-size wp-elements-b56517aef4d55fcce477334934155bb6\"><strong>Format au choix : papier ou num\u00e9rique<\/strong><\/h4>\n\n\n\n<p>Que ce soit pour un envoi ou une surprise physique, vous pouvez choisir entre un <strong>bon cadeau papier<\/strong> ou sa version <strong>num\u00e9rique<\/strong>.<\/p>\n\n\n\n<p>Pour plus d\u2019informations ou pour acheter cette carte d\u00e8s maintenant, <a href=\"https:\/\/voix-des-sens.fr\/index.php\/contact\/\">contactez moi<\/a> directement.<\/p>\n\n\n\n<div style=\"height:100px\" aria-hidden=\"true\" class=\"wp-block-spacer\"><\/div>\n","protected":false},"excerpt":{"rendered":"<p>Bon cadeau offrez un moment de bien etre Offrez un bon cadeau unique Vous cherchez un cadeau original \u00e0 offrir ou s&rsquo;offrir ? Offrez ce bon Voix des Sens ! Que ce soit pour No\u00ebl, un anniversaire, ou simplement pour faire plaisir \u00e0 une personne que vous aimez, ce bon cadeau permet de lui faire&hellip;&nbsp;<a href=\"https:\/\/voix-des-sens.fr\/index.php\/bon-cadeau\/\" class=\"\" rel=\"bookmark\">Lire la suite &raquo;<span class=\"screen-reader-text\">Bon cadeau<\/span><\/a><\/p>\n","protected":false},"author":1,"featured_media":0,"parent":0,"menu_order":0,"comment_status":"closed","ping_status":"closed","template":"","meta":{"neve_meta_sidebar":"","neve_meta_container":"","neve_meta_enable_content_width":"","neve_meta_content_width":0,"neve_meta_title_alignment":"","neve_meta_author_avatar":"","neve_post_elements_order":"","neve_meta_disable_header":"","neve_meta_disable_footer":"","neve_meta_disable_title":"on","footnotes":""},"class_list":["post-3514","page","type-page","status-publish","hentry"],"yoast_head":"<!-- This site is optimized with the Yoast SEO plugin v26.8 - https:\/\/yoast.com\/product\/yoast-seo-wordpress\/ -->\n<title>Offrez une s\u00e9ance de sophrologie \u2013 Bon cadeau Voix des Sens<\/title>\n<meta name=\"description\" content=\"Offrez un moment de bien-\u00eatre avec nos bons cadeaux personnalis\u00e9s : accompagnement, grossesse, enfants, d\u00e9tente\u2026\" \/>\n<meta name=\"robots\" content=\"index, follow, max-snippet:-1, max-image-preview:large, max-video-preview:-1\" \/>\n<link rel=\"canonical\" href=\"https:\/\/voix-des-sens.fr\/index.php\/bon-cadeau\/\" \/>\n<meta property=\"og:locale\" content=\"fr_FR\" \/>\n<meta property=\"og:type\" content=\"article\" \/>\n<meta property=\"og:title\" content=\"Offrez une s\u00e9ance de sophrologie \u2013 Bon cadeau Voix des Sens\" \/>\n<meta property=\"og:description\" content=\"Offrez un moment de bien-\u00eatre avec nos bons cadeaux personnalis\u00e9s : accompagnement, grossesse, enfants, d\u00e9tente\u2026\" \/>\n<meta property=\"og:url\" content=\"https:\/\/voix-des-sens.fr\/index.php\/bon-cadeau\/\" \/>\n<meta property=\"og:site_name\" content=\"VOIX DES SENS\" \/>\n<meta property=\"article:publisher\" content=\"https:\/\/www.facebook.com\/profile.php?viewas=100000686899395&amp;id=61556635996207\" \/>\n<meta property=\"article:modified_time\" content=\"2025-12-21T13:36:02+00:00\" \/>\n<meta property=\"og:image\" content=\"https:\/\/voix-des-sens.fr\/wp-content\/uploads\/2025\/01\/posts.png\" \/>\n\t<meta property=\"og:image:width\" content=\"1080\" \/>\n\t<meta property=\"og:image:height\" content=\"1080\" \/>\n\t<meta property=\"og:image:type\" content=\"image\/png\" \/>\n<meta name=\"twitter:card\" content=\"summary_large_image\" \/>\n<meta name=\"twitter:label1\" content=\"Dur\u00e9e de lecture estim\u00e9e\" \/>\n\t<meta name=\"twitter:data1\" content=\"2 minutes\" \/>\n<script type=\"application\/ld+json\" class=\"yoast-schema-graph\">{\"@context\":\"https:\/\/schema.org\",\"@graph\":[{\"@type\":\"WebPage\",\"@id\":\"https:\/\/voix-des-sens.fr\/index.php\/bon-cadeau\/\",\"url\":\"https:\/\/voix-des-sens.fr\/index.php\/bon-cadeau\/\",\"name\":\"Offrez une s\u00e9ance de sophrologie \u2013 Bon cadeau Voix des Sens\",\"isPartOf\":{\"@id\":\"https:\/\/voix-des-sens.fr\/#website\"},\"primaryImageOfPage\":{\"@id\":\"https:\/\/voix-des-sens.fr\/index.php\/bon-cadeau\/#primaryimage\"},\"image\":{\"@id\":\"https:\/\/voix-des-sens.fr\/index.php\/bon-cadeau\/#primaryimage\"},\"thumbnailUrl\":\"http:\/\/voix-des-sens.fr\/wp-content\/uploads\/2025\/01\/posts-1024x1024.png\",\"datePublished\":\"2024-11-15T10:20:05+00:00\",\"dateModified\":\"2025-12-21T13:36:02+00:00\",\"description\":\"Offrez un moment de bien-\u00eatre avec nos bons cadeaux personnalis\u00e9s : accompagnement, grossesse, enfants, d\u00e9tente\u2026\",\"inLanguage\":\"fr-FR\",\"potentialAction\":[{\"@type\":\"ReadAction\",\"target\":[\"https:\/\/voix-des-sens.fr\/index.php\/bon-cadeau\/\"]}]},{\"@type\":\"ImageObject\",\"inLanguage\":\"fr-FR\",\"@id\":\"https:\/\/voix-des-sens.fr\/index.php\/bon-cadeau\/#primaryimage\",\"url\":\"https:\/\/voix-des-sens.fr\/wp-content\/uploads\/2025\/01\/posts.png\",\"contentUrl\":\"https:\/\/voix-des-sens.fr\/wp-content\/uploads\/2025\/01\/posts.png\",\"width\":1080,\"height\":1080},{\"@type\":\"WebSite\",\"@id\":\"https:\/\/voix-des-sens.fr\/#website\",\"url\":\"https:\/\/voix-des-sens.fr\/\",\"name\":\"VOIX DES SENS\",\"description\":\"\",\"publisher\":{\"@id\":\"https:\/\/voix-des-sens.fr\/#organization\"},\"potentialAction\":[{\"@type\":\"SearchAction\",\"target\":{\"@type\":\"EntryPoint\",\"urlTemplate\":\"https:\/\/voix-des-sens.fr\/?s={search_term_string}\"},\"query-input\":{\"@type\":\"PropertyValueSpecification\",\"valueRequired\":true,\"valueName\":\"search_term_string\"}}],\"inLanguage\":\"fr-FR\"},{\"@type\":\"Organization\",\"@id\":\"https:\/\/voix-des-sens.fr\/#organization\",\"name\":\"VOIX DES SENS\",\"url\":\"https:\/\/voix-des-sens.fr\/\",\"logo\":{\"@type\":\"ImageObject\",\"inLanguage\":\"fr-FR\",\"@id\":\"https:\/\/voix-des-sens.fr\/#\/schema\/logo\/image\/\",\"url\":\"https:\/\/voix-des-sens.fr\/wp-content\/uploads\/2024\/03\/logo_logo-horizontal-baseline-rose-fonce-2.png\",\"contentUrl\":\"https:\/\/voix-des-sens.fr\/wp-content\/uploads\/2024\/03\/logo_logo-horizontal-baseline-rose-fonce-2.png\",\"width\":1334,\"height\":1042,\"caption\":\"VOIX DES SENS\"},\"image\":{\"@id\":\"https:\/\/voix-des-sens.fr\/#\/schema\/logo\/image\/\"},\"sameAs\":[\"https:\/\/www.facebook.com\/profile.php?viewas=100000686899395&id=61556635996207\",\"https:\/\/www.instagram.com\/voix.des.sens\/?utm_source=qr&igshid=MThlNWY1MzQwNA\"]}]}<\/script>\n<!-- \/ Yoast SEO plugin. -->","yoast_head_json":{"title":"Offrez une s\u00e9ance de sophrologie \u2013 Bon cadeau Voix des Sens","description":"Offrez un moment de bien-\u00eatre avec nos bons cadeaux personnalis\u00e9s : accompagnement, grossesse, enfants, d\u00e9tente\u2026","robots":{"index":"index","follow":"follow","max-snippet":"max-snippet:-1","max-image-preview":"max-image-preview:large","max-video-preview":"max-video-preview:-1"},"canonical":"https:\/\/voix-des-sens.fr\/index.php\/bon-cadeau\/","og_locale":"fr_FR","og_type":"article","og_title":"Offrez une s\u00e9ance de sophrologie \u2013 Bon cadeau Voix des Sens","og_description":"Offrez un moment de bien-\u00eatre avec nos bons cadeaux personnalis\u00e9s : accompagnement, grossesse, enfants, d\u00e9tente\u2026","og_url":"https:\/\/voix-des-sens.fr\/index.php\/bon-cadeau\/","og_site_name":"VOIX DES SENS","article_publisher":"https:\/\/www.facebook.com\/profile.php?viewas=100000686899395&id=61556635996207","article_modified_time":"2025-12-21T13:36:02+00:00","og_image":[{"width":1080,"height":1080,"url":"https:\/\/voix-des-sens.fr\/wp-content\/uploads\/2025\/01\/posts.png","type":"image\/png"}],"twitter_card":"summary_large_image","twitter_misc":{"Dur\u00e9e de lecture estim\u00e9e":"2 minutes"},"schema":{"@context":"https:\/\/schema.org","@graph":[{"@type":"WebPage","@id":"https:\/\/voix-des-sens.fr\/index.php\/bon-cadeau\/","url":"https:\/\/voix-des-sens.fr\/index.php\/bon-cadeau\/","name":"Offrez une s\u00e9ance de sophrologie \u2013 Bon cadeau Voix des Sens","isPartOf":{"@id":"https:\/\/voix-des-sens.fr\/#website"},"primaryImageOfPage":{"@id":"https:\/\/voix-des-sens.fr\/index.php\/bon-cadeau\/#primaryimage"},"image":{"@id":"https:\/\/voix-des-sens.fr\/index.php\/bon-cadeau\/#primaryimage"},"thumbnailUrl":"http:\/\/voix-des-sens.fr\/wp-content\/uploads\/2025\/01\/posts-1024x1024.png","datePublished":"2024-11-15T10:20:05+00:00","dateModified":"2025-12-21T13:36:02+00:00","description":"Offrez un moment de bien-\u00eatre avec nos bons cadeaux personnalis\u00e9s : accompagnement, grossesse, enfants, d\u00e9tente\u2026","inLanguage":"fr-FR","potentialAction":[{"@type":"ReadAction","target":["https:\/\/voix-des-sens.fr\/index.php\/bon-cadeau\/"]}]},{"@type":"ImageObject","inLanguage":"fr-FR","@id":"https:\/\/voix-des-sens.fr\/index.php\/bon-cadeau\/#primaryimage","url":"https:\/\/voix-des-sens.fr\/wp-content\/uploads\/2025\/01\/posts.png","contentUrl":"https:\/\/voix-des-sens.fr\/wp-content\/uploads\/2025\/01\/posts.png","width":1080,"height":1080},{"@type":"WebSite","@id":"https:\/\/voix-des-sens.fr\/#website","url":"https:\/\/voix-des-sens.fr\/","name":"VOIX DES SENS","description":"","publisher":{"@id":"https:\/\/voix-des-sens.fr\/#organization"},"potentialAction":[{"@type":"SearchAction","target":{"@type":"EntryPoint","urlTemplate":"https:\/\/voix-des-sens.fr\/?s={search_term_string}"},"query-input":{"@type":"PropertyValueSpecification","valueRequired":true,"valueName":"search_term_string"}}],"inLanguage":"fr-FR"},{"@type":"Organization","@id":"https:\/\/voix-des-sens.fr\/#organization","name":"VOIX DES SENS","url":"https:\/\/voix-des-sens.fr\/","logo":{"@type":"ImageObject","inLanguage":"fr-FR","@id":"https:\/\/voix-des-sens.fr\/#\/schema\/logo\/image\/","url":"https:\/\/voix-des-sens.fr\/wp-content\/uploads\/2024\/03\/logo_logo-horizontal-baseline-rose-fonce-2.png","contentUrl":"https:\/\/voix-des-sens.fr\/wp-content\/uploads\/2024\/03\/logo_logo-horizontal-baseline-rose-fonce-2.png","width":1334,"height":1042,"caption":"VOIX DES SENS"},"image":{"@id":"https:\/\/voix-des-sens.fr\/#\/schema\/logo\/image\/"},"sameAs":["https:\/\/www.facebook.com\/profile.php?viewas=100000686899395&id=61556635996207","https:\/\/www.instagram.com\/voix.des.sens\/?utm_source=qr&igshid=MThlNWY1MzQwNA"]}]}},"_links":{"self":[{"href":"https:\/\/voix-des-sens.fr\/index.php\/wp-json\/wp\/v2\/pages\/3514","targetHints":{"allow":["GET"]}}],"collection":[{"href":"https:\/\/voix-des-sens.fr\/index.php\/wp-json\/wp\/v2\/pages"}],"about":[{"href":"https:\/\/voix-des-sens.fr\/index.php\/wp-json\/wp\/v2\/types\/page"}],"author":[{"embeddable":true,"href":"https:\/\/voix-des-sens.fr\/index.php\/wp-json\/wp\/v2\/users\/1"}],"replies":[{"embeddable":true,"href":"https:\/\/voix-des-sens.fr\/index.php\/wp-json\/wp\/v2\/comments?post=3514"}],"version-history":[{"count":52,"href":"https:\/\/voix-des-sens.fr\/index.php\/wp-json\/wp\/v2\/pages\/3514\/revisions"}],"predecessor-version":[{"id":6699,"href":"https:\/\/voix-des-sens.fr\/index.php\/wp-json\/wp\/v2\/pages\/3514\/revisions\/6699"}],"wp:attachment":[{"href":"https:\/\/voix-des-sens.fr\/index.php\/wp-json\/wp\/v2\/media?parent=3514"}],"curies":[{"name":"wp","href":"https:\/\/api.w.org\/{rel}","templated":true}]}}