{"id":2926,"date":"2024-10-01T11:47:14","date_gmt":"2024-10-01T09:47:14","guid":{"rendered":"https:\/\/voix-des-sens.fr\/?page_id=2926"},"modified":"2024-11-12T13:21:04","modified_gmt":"2024-11-12T12:21:04","slug":"certification-professionnelle-sophrologue","status":"publish","type":"page","link":"https:\/\/voix-des-sens.fr\/index.php\/certification-professionnelle-sophrologue\/","title":{"rendered":"certification professionnelle sophrologue"},"content":{"rendered":"\n<h1 class=\"wp-block-heading alignwide has-text-align-center\"><strong>certification professionnel.le sophrologue<\/strong><\/h1>\n\n\n\n<div style=\"height:37px\" aria-hidden=\"true\" class=\"wp-block-spacer\"><\/div>\n\n\n\n<h2 class=\"wp-block-heading has-text-align-center\">diplome de certification <\/h2>\n\n\n<div class=\"wp-block-image\">\n<figure class=\"aligncenter size-full is-resized\"><img loading=\"lazy\" decoding=\"async\" width=\"895\" height=\"630\" src=\"https:\/\/voix-des-sens.fr\/wp-content\/uploads\/2024\/10\/diplome.png\" alt=\"certification professionnelle sophrologue\ndipl\u00f4me de sophrologie\" class=\"wp-image-2927\" style=\"width:1208px;height:auto\" srcset=\"https:\/\/voix-des-sens.fr\/wp-content\/uploads\/2024\/10\/diplome.png 895w, https:\/\/voix-des-sens.fr\/wp-content\/uploads\/2024\/10\/diplome-300x211.png 300w, https:\/\/voix-des-sens.fr\/wp-content\/uploads\/2024\/10\/diplome-768x541.png 768w\" sizes=\"auto, (max-width: 895px) 100vw, 895px\" \/><\/figure>\n<\/div>","protected":false},"excerpt":{"rendered":"<p>certification professionnel.le sophrologue diplome de certification<\/p>\n","protected":false},"author":1,"featured_media":0,"parent":0,"menu_order":0,"comment_status":"closed","ping_status":"closed","template":"","meta":{"neve_meta_sidebar":"","neve_meta_container":"","neve_meta_enable_content_width":"","neve_meta_content_width":0,"neve_meta_title_alignment":"","neve_meta_author_avatar":"","neve_post_elements_order":"","neve_meta_disable_header":"","neve_meta_disable_footer":"","neve_meta_disable_title":"","footnotes":""},"class_list":["post-2926","page","type-page","status-publish","hentry"],"yoast_head":"<!-- This site is optimized with the Yoast SEO plugin v26.8 - https:\/\/yoast.com\/product\/yoast-seo-wordpress\/ -->\n<title>certification professionnelle sophrologue - VOIX DES SENS<\/title>\n<meta name=\"description\" content=\"dipl\u00f4me de sophrologue \u00e0 Geneston : formation certifi\u00e9e pour vous accompagner dans la gestion du stress, la maternit\u00e9 et le bien-\u00eatre au quotidien.\" \/>\n<meta name=\"robots\" content=\"index, follow, max-snippet:-1, max-image-preview:large, max-video-preview:-1\" \/>\n<link rel=\"canonical\" href=\"https:\/\/voix-des-sens.fr\/index.php\/certification-professionnelle-sophrologue\/\" \/>\n<meta property=\"og:locale\" content=\"fr_FR\" \/>\n<meta property=\"og:type\" content=\"article\" \/>\n<meta property=\"og:title\" content=\"certification professionnelle sophrologue - VOIX DES SENS\" \/>\n<meta property=\"og:description\" content=\"dipl\u00f4me de sophrologue \u00e0 Geneston : formation certifi\u00e9e pour vous accompagner dans la gestion du stress, la maternit\u00e9 et le bien-\u00eatre au quotidien.\" \/>\n<meta property=\"og:url\" content=\"https:\/\/voix-des-sens.fr\/index.php\/certification-professionnelle-sophrologue\/\" \/>\n<meta property=\"og:site_name\" content=\"VOIX DES SENS\" \/>\n<meta property=\"article:publisher\" content=\"https:\/\/www.facebook.com\/profile.php?viewas=100000686899395&amp;id=61556635996207\" \/>\n<meta property=\"article:modified_time\" content=\"2024-11-12T12:21:04+00:00\" \/>\n<meta property=\"og:image\" content=\"https:\/\/voix-des-sens.fr\/wp-content\/uploads\/2024\/10\/diplome.png\" \/>\n\t<meta property=\"og:image:width\" content=\"895\" \/>\n\t<meta property=\"og:image:height\" content=\"630\" \/>\n\t<meta property=\"og:image:type\" content=\"image\/png\" \/>\n<meta name=\"twitter:card\" content=\"summary_large_image\" \/>\n<meta name=\"twitter:label1\" content=\"Dur\u00e9e de lecture estim\u00e9e\" \/>\n\t<meta name=\"twitter:data1\" content=\"1 minute\" \/>\n<script type=\"application\/ld+json\" class=\"yoast-schema-graph\">{\"@context\":\"https:\/\/schema.org\",\"@graph\":[{\"@type\":\"WebPage\",\"@id\":\"https:\/\/voix-des-sens.fr\/index.php\/certification-professionnelle-sophrologue\/\",\"url\":\"https:\/\/voix-des-sens.fr\/index.php\/certification-professionnelle-sophrologue\/\",\"name\":\"certification professionnelle sophrologue - VOIX DES SENS\",\"isPartOf\":{\"@id\":\"https:\/\/voix-des-sens.fr\/#website\"},\"primaryImageOfPage\":{\"@id\":\"https:\/\/voix-des-sens.fr\/index.php\/certification-professionnelle-sophrologue\/#primaryimage\"},\"image\":{\"@id\":\"https:\/\/voix-des-sens.fr\/index.php\/certification-professionnelle-sophrologue\/#primaryimage\"},\"thumbnailUrl\":\"https:\/\/voix-des-sens.fr\/wp-content\/uploads\/2024\/10\/diplome.png\",\"datePublished\":\"2024-10-01T09:47:14+00:00\",\"dateModified\":\"2024-11-12T12:21:04+00:00\",\"description\":\"dipl\u00f4me de sophrologue \u00e0 Geneston : formation certifi\u00e9e pour vous accompagner dans la gestion du stress, la maternit\u00e9 et le bien-\u00eatre au quotidien.\",\"inLanguage\":\"fr-FR\",\"potentialAction\":[{\"@type\":\"ReadAction\",\"target\":[\"https:\/\/voix-des-sens.fr\/index.php\/certification-professionnelle-sophrologue\/\"]}]},{\"@type\":\"ImageObject\",\"inLanguage\":\"fr-FR\",\"@id\":\"https:\/\/voix-des-sens.fr\/index.php\/certification-professionnelle-sophrologue\/#primaryimage\",\"url\":\"https:\/\/voix-des-sens.fr\/wp-content\/uploads\/2024\/10\/diplome.png\",\"contentUrl\":\"https:\/\/voix-des-sens.fr\/wp-content\/uploads\/2024\/10\/diplome.png\",\"width\":895,\"height\":630},{\"@type\":\"WebSite\",\"@id\":\"https:\/\/voix-des-sens.fr\/#website\",\"url\":\"https:\/\/voix-des-sens.fr\/\",\"name\":\"VOIX DES SENS\",\"description\":\"\",\"publisher\":{\"@id\":\"https:\/\/voix-des-sens.fr\/#organization\"},\"potentialAction\":[{\"@type\":\"SearchAction\",\"target\":{\"@type\":\"EntryPoint\",\"urlTemplate\":\"https:\/\/voix-des-sens.fr\/?s={search_term_string}\"},\"query-input\":{\"@type\":\"PropertyValueSpecification\",\"valueRequired\":true,\"valueName\":\"search_term_string\"}}],\"inLanguage\":\"fr-FR\"},{\"@type\":\"Organization\",\"@id\":\"https:\/\/voix-des-sens.fr\/#organization\",\"name\":\"VOIX DES SENS\",\"url\":\"https:\/\/voix-des-sens.fr\/\",\"logo\":{\"@type\":\"ImageObject\",\"inLanguage\":\"fr-FR\",\"@id\":\"https:\/\/voix-des-sens.fr\/#\/schema\/logo\/image\/\",\"url\":\"https:\/\/voix-des-sens.fr\/wp-content\/uploads\/2024\/03\/logo_logo-horizontal-baseline-rose-fonce-2.png\",\"contentUrl\":\"https:\/\/voix-des-sens.fr\/wp-content\/uploads\/2024\/03\/logo_logo-horizontal-baseline-rose-fonce-2.png\",\"width\":1334,\"height\":1042,\"caption\":\"VOIX DES SENS\"},\"image\":{\"@id\":\"https:\/\/voix-des-sens.fr\/#\/schema\/logo\/image\/\"},\"sameAs\":[\"https:\/\/www.facebook.com\/profile.php?viewas=100000686899395&id=61556635996207\",\"https:\/\/www.instagram.com\/voix.des.sens\/?utm_source=qr&igshid=MThlNWY1MzQwNA\"]}]}<\/script>\n<!-- \/ Yoast SEO plugin. -->","yoast_head_json":{"title":"certification professionnelle sophrologue - VOIX DES SENS","description":"dipl\u00f4me de sophrologue \u00e0 Geneston : formation certifi\u00e9e pour vous accompagner dans la gestion du stress, la maternit\u00e9 et le bien-\u00eatre au quotidien.","robots":{"index":"index","follow":"follow","max-snippet":"max-snippet:-1","max-image-preview":"max-image-preview:large","max-video-preview":"max-video-preview:-1"},"canonical":"https:\/\/voix-des-sens.fr\/index.php\/certification-professionnelle-sophrologue\/","og_locale":"fr_FR","og_type":"article","og_title":"certification professionnelle sophrologue - VOIX DES SENS","og_description":"dipl\u00f4me de sophrologue \u00e0 Geneston : formation certifi\u00e9e pour vous accompagner dans la gestion du stress, la maternit\u00e9 et le bien-\u00eatre au quotidien.","og_url":"https:\/\/voix-des-sens.fr\/index.php\/certification-professionnelle-sophrologue\/","og_site_name":"VOIX DES SENS","article_publisher":"https:\/\/www.facebook.com\/profile.php?viewas=100000686899395&id=61556635996207","article_modified_time":"2024-11-12T12:21:04+00:00","og_image":[{"width":895,"height":630,"url":"https:\/\/voix-des-sens.fr\/wp-content\/uploads\/2024\/10\/diplome.png","type":"image\/png"}],"twitter_card":"summary_large_image","twitter_misc":{"Dur\u00e9e de lecture estim\u00e9e":"1 minute"},"schema":{"@context":"https:\/\/schema.org","@graph":[{"@type":"WebPage","@id":"https:\/\/voix-des-sens.fr\/index.php\/certification-professionnelle-sophrologue\/","url":"https:\/\/voix-des-sens.fr\/index.php\/certification-professionnelle-sophrologue\/","name":"certification professionnelle sophrologue - VOIX DES SENS","isPartOf":{"@id":"https:\/\/voix-des-sens.fr\/#website"},"primaryImageOfPage":{"@id":"https:\/\/voix-des-sens.fr\/index.php\/certification-professionnelle-sophrologue\/#primaryimage"},"image":{"@id":"https:\/\/voix-des-sens.fr\/index.php\/certification-professionnelle-sophrologue\/#primaryimage"},"thumbnailUrl":"https:\/\/voix-des-sens.fr\/wp-content\/uploads\/2024\/10\/diplome.png","datePublished":"2024-10-01T09:47:14+00:00","dateModified":"2024-11-12T12:21:04+00:00","description":"dipl\u00f4me de sophrologue \u00e0 Geneston : formation certifi\u00e9e pour vous accompagner dans la gestion du stress, la maternit\u00e9 et le bien-\u00eatre au quotidien.","inLanguage":"fr-FR","potentialAction":[{"@type":"ReadAction","target":["https:\/\/voix-des-sens.fr\/index.php\/certification-professionnelle-sophrologue\/"]}]},{"@type":"ImageObject","inLanguage":"fr-FR","@id":"https:\/\/voix-des-sens.fr\/index.php\/certification-professionnelle-sophrologue\/#primaryimage","url":"https:\/\/voix-des-sens.fr\/wp-content\/uploads\/2024\/10\/diplome.png","contentUrl":"https:\/\/voix-des-sens.fr\/wp-content\/uploads\/2024\/10\/diplome.png","width":895,"height":630},{"@type":"WebSite","@id":"https:\/\/voix-des-sens.fr\/#website","url":"https:\/\/voix-des-sens.fr\/","name":"VOIX DES SENS","description":"","publisher":{"@id":"https:\/\/voix-des-sens.fr\/#organization"},"potentialAction":[{"@type":"SearchAction","target":{"@type":"EntryPoint","urlTemplate":"https:\/\/voix-des-sens.fr\/?s={search_term_string}"},"query-input":{"@type":"PropertyValueSpecification","valueRequired":true,"valueName":"search_term_string"}}],"inLanguage":"fr-FR"},{"@type":"Organization","@id":"https:\/\/voix-des-sens.fr\/#organization","name":"VOIX DES SENS","url":"https:\/\/voix-des-sens.fr\/","logo":{"@type":"ImageObject","inLanguage":"fr-FR","@id":"https:\/\/voix-des-sens.fr\/#\/schema\/logo\/image\/","url":"https:\/\/voix-des-sens.fr\/wp-content\/uploads\/2024\/03\/logo_logo-horizontal-baseline-rose-fonce-2.png","contentUrl":"https:\/\/voix-des-sens.fr\/wp-content\/uploads\/2024\/03\/logo_logo-horizontal-baseline-rose-fonce-2.png","width":1334,"height":1042,"caption":"VOIX DES SENS"},"image":{"@id":"https:\/\/voix-des-sens.fr\/#\/schema\/logo\/image\/"},"sameAs":["https:\/\/www.facebook.com\/profile.php?viewas=100000686899395&id=61556635996207","https:\/\/www.instagram.com\/voix.des.sens\/?utm_source=qr&igshid=MThlNWY1MzQwNA"]}]}},"_links":{"self":[{"href":"https:\/\/voix-des-sens.fr\/index.php\/wp-json\/wp\/v2\/pages\/2926","targetHints":{"allow":["GET"]}}],"collection":[{"href":"https:\/\/voix-des-sens.fr\/index.php\/wp-json\/wp\/v2\/pages"}],"about":[{"href":"https:\/\/voix-des-sens.fr\/index.php\/wp-json\/wp\/v2\/types\/page"}],"author":[{"embeddable":true,"href":"https:\/\/voix-des-sens.fr\/index.php\/wp-json\/wp\/v2\/users\/1"}],"replies":[{"embeddable":true,"href":"https:\/\/voix-des-sens.fr\/index.php\/wp-json\/wp\/v2\/comments?post=2926"}],"version-history":[{"count":5,"href":"https:\/\/voix-des-sens.fr\/index.php\/wp-json\/wp\/v2\/pages\/2926\/revisions"}],"predecessor-version":[{"id":2932,"href":"https:\/\/voix-des-sens.fr\/index.php\/wp-json\/wp\/v2\/pages\/2926\/revisions\/2932"}],"wp:attachment":[{"href":"https:\/\/voix-des-sens.fr\/index.php\/wp-json\/wp\/v2\/media?parent=2926"}],"curies":[{"name":"wp","href":"https:\/\/api.w.org\/{rel}","templated":true}]}}